{"id":2003,"date":"2024-06-20T20:57:19","date_gmt":"2024-06-21T02:57:19","guid":{"rendered":"https:\/\/wpml.cplea.ca\/cunningham-disclosure\/"},"modified":"2025-01-29T14:47:29","modified_gmt":"2025-01-29T21:47:29","slug":"cunningham-disclosure","status":"publish","type":"page","link":"https:\/\/family.cplea.ca\/fr\/cunningham-disclosure\/","title":{"rendered":"Divulgation de Cunningham"},"content":{"rendered":"<h1 class=\"wp-block-post-title\">Divulgation de Cunningham<\/h1>\n<div class=\"wp-block-group is-style-lead has-global-padding is-layout-constrained wp-block-group-is-layout-constrained\">\n<p>La divulgation de Cunningham est l&#8217;information financi\u00e8re que vous devez communiquer pour calculer la pension alimentaire pour enfants et\/ou pour \u00e9poux\/partenaire si vous \u00eates propri\u00e9taire d&#8217;une entreprise et que votre entreprise d\u00e9duit des d\u00e9penses aux fins de l&#8217;imp\u00f4t sur le revenu. Vous devez fournir plus d&#8217;informations sur ces d\u00e9ductions ainsi que des d\u00e9tails sur les revenus que vous avez tir\u00e9s de l&#8217;entreprise et qui peuvent ne pas figurer sur vos d\u00e9clarations de revenus personnelles.  <\/p>\n\n\n\n<p><strong>Utilisez ce mod\u00e8le pour partager des informations financi\u00e8res sur votre entreprise. <\/strong>Nous ne recueillerons aucun d\u00e9tail permettant de vous identifier personnellement.<\/p>\n\n\n\n<p>Pour en savoir plus, consultez la page <a href=\"https:\/\/family.cplea.ca\/fr\/article\/lorsque-vous-narrivez-pas-a-vous-mettre-daccord-sur-la-maniere-de-diviser-vos-biens-et-vos-dettes\/\" data-type=\"article\" data-id=\"216\">Partager des informations financi\u00e8res pour percevoir ou payer une pension alimentaire<\/a>.<\/p>\n\n\n\n<div class=\"wp-block-buttons is-layout-flex wp-block-buttons-is-layout-flex\">\n<div class=\"wp-block-button is-style-fill-rounded\"><a class=\"wp-block-button__link wp-element-button\" href=\"https:\/\/docs.google.com\/spreadsheets\/d\/1EZzUxsnI5-Rk7hG2rpUw9MiK1x53Wtt_p_oIOVGF3qM\/\">T\u00e9l\u00e9charger et modifier<\/a><\/div>\n<\/div>\n<\/div>\n","protected":false},"excerpt":{"rendered":"<p>Un mod\u00e8le pour partager des informations financi\u00e8res afin de calculer l&#8217;aide si vous \u00eates propri\u00e9taire d&#8217;une entreprise.<\/p>\n","protected":false},"author":2,"featured_media":0,"parent":0,"menu_order":0,"comment_status":"closed","ping_status":"closed","template":"","meta":{"_acf_changed":false,"_relevanssi_hide_post":"","_relevanssi_hide_content":"","_relevanssi_pin_for_all":"","_relevanssi_pin_keywords":"","_relevanssi_unpin_keywords":"","_relevanssi_related_keywords":"","_relevanssi_related_include_ids":"","_relevanssi_related_exclude_ids":"","_relevanssi_related_no_append":"","_relevanssi_related_not_related":"","_relevanssi_related_posts":"","_relevanssi_noindex_reason":"","ghostkit_customizer_options":"","ghostkit_custom_css":"","ghostkit_custom_js_head":"","ghostkit_custom_js_foot":"","ghostkit_typography":"","footnotes":""},"topic":[135],"class_list":["post-2003","page","type-page","status-publish","hentry","topic-tools-fr"],"acf":[],"yoast_head":"<!-- This site is optimized with the Yoast SEO plugin v27.4 - https:\/\/yoast.com\/product\/yoast-seo-wordpress\/ -->\n<title>Divulgation de Cunningham - CPLEA Family Law<\/title>\n<meta name=\"robots\" content=\"index, follow, max-snippet:-1, max-image-preview:large, max-video-preview:-1\" \/>\n<link rel=\"canonical\" href=\"https:\/\/family.cplea.ca\/fr\/cunningham-disclosure\/\" \/>\n<meta name=\"twitter:label1\" content=\"Est. reading time\" \/>\n\t<meta name=\"twitter:data1\" content=\"1 minute\" \/>\n<script type=\"application\/ld+json\" class=\"yoast-schema-graph\">{\"@context\":\"https:\\\/\\\/schema.org\",\"@graph\":[{\"@type\":\"WebPage\",\"@id\":\"https:\\\/\\\/family.cplea.ca\\\/fr\\\/cunningham-disclosure\\\/\",\"url\":\"https:\\\/\\\/family.cplea.ca\\\/fr\\\/cunningham-disclosure\\\/\",\"name\":\"Divulgation de Cunningham - CPLEA Family Law\",\"isPartOf\":{\"@id\":\"https:\\\/\\\/family.cplea.ca\\\/fr\\\/#website\"},\"datePublished\":\"2024-06-21T02:57:19+00:00\",\"dateModified\":\"2025-01-29T21:47:29+00:00\",\"breadcrumb\":{\"@id\":\"https:\\\/\\\/family.cplea.ca\\\/fr\\\/cunningham-disclosure\\\/#breadcrumb\"},\"inLanguage\":\"fr-FR\",\"potentialAction\":[{\"@type\":\"ReadAction\",\"target\":[\"https:\\\/\\\/family.cplea.ca\\\/fr\\\/cunningham-disclosure\\\/\"]}]},{\"@type\":\"BreadcrumbList\",\"@id\":\"https:\\\/\\\/family.cplea.ca\\\/fr\\\/cunningham-disclosure\\\/#breadcrumb\",\"itemListElement\":[{\"@type\":\"ListItem\",\"position\":1,\"name\":\"Home\",\"item\":\"https:\\\/\\\/family.cplea.ca\\\/fr\\\/\"},{\"@type\":\"ListItem\",\"position\":2,\"name\":\"Divulgation de Cunningham\"}]},{\"@type\":\"WebSite\",\"@id\":\"https:\\\/\\\/family.cplea.ca\\\/fr\\\/#website\",\"url\":\"https:\\\/\\\/family.cplea.ca\\\/fr\\\/\",\"name\":\"CPLEA Family Law\",\"description\":\"\",\"publisher\":{\"@id\":\"https:\\\/\\\/family.cplea.ca\\\/fr\\\/#organization\"},\"potentialAction\":[{\"@type\":\"SearchAction\",\"target\":{\"@type\":\"EntryPoint\",\"urlTemplate\":\"https:\\\/\\\/family.cplea.ca\\\/fr\\\/?s={search_term_string}\"},\"query-input\":{\"@type\":\"PropertyValueSpecification\",\"valueRequired\":true,\"valueName\":\"search_term_string\"}}],\"inLanguage\":\"fr-FR\"},{\"@type\":\"Organization\",\"@id\":\"https:\\\/\\\/family.cplea.ca\\\/fr\\\/#organization\",\"name\":\"CPLEA Family Law\",\"url\":\"https:\\\/\\\/family.cplea.ca\\\/fr\\\/\",\"logo\":{\"@type\":\"ImageObject\",\"inLanguage\":\"fr-FR\",\"@id\":\"https:\\\/\\\/family.cplea.ca\\\/fr\\\/#\\\/schema\\\/logo\\\/image\\\/\",\"url\":\"https:\\\/\\\/family.cplea.ca\\\/wp-content\\\/uploads\\\/CPLEA-new-web-logo-FR-1-1.png\",\"contentUrl\":\"https:\\\/\\\/family.cplea.ca\\\/wp-content\\\/uploads\\\/CPLEA-new-web-logo-FR-1-1.png\",\"width\":1784,\"height\":273,\"caption\":\"CPLEA Family Law\"},\"image\":{\"@id\":\"https:\\\/\\\/family.cplea.ca\\\/fr\\\/#\\\/schema\\\/logo\\\/image\\\/\"},\"sameAs\":[\"https:\\\/\\\/www.facebook.com\\\/CPLEAlberta\",\"https:\\\/\\\/x.com\\\/cplealberta\"]}]}<\/script>\n<!-- \/ Yoast SEO plugin. -->","yoast_head_json":{"title":"Divulgation de Cunningham - CPLEA Family Law","robots":{"index":"index","follow":"follow","max-snippet":"max-snippet:-1","max-image-preview":"max-image-preview:large","max-video-preview":"max-video-preview:-1"},"canonical":"https:\/\/family.cplea.ca\/fr\/cunningham-disclosure\/","twitter_misc":{"Est. reading time":"1 minute"},"schema":{"@context":"https:\/\/schema.org","@graph":[{"@type":"WebPage","@id":"https:\/\/family.cplea.ca\/fr\/cunningham-disclosure\/","url":"https:\/\/family.cplea.ca\/fr\/cunningham-disclosure\/","name":"Divulgation de Cunningham - CPLEA Family Law","isPartOf":{"@id":"https:\/\/family.cplea.ca\/fr\/#website"},"datePublished":"2024-06-21T02:57:19+00:00","dateModified":"2025-01-29T21:47:29+00:00","breadcrumb":{"@id":"https:\/\/family.cplea.ca\/fr\/cunningham-disclosure\/#breadcrumb"},"inLanguage":"fr-FR","potentialAction":[{"@type":"ReadAction","target":["https:\/\/family.cplea.ca\/fr\/cunningham-disclosure\/"]}]},{"@type":"BreadcrumbList","@id":"https:\/\/family.cplea.ca\/fr\/cunningham-disclosure\/#breadcrumb","itemListElement":[{"@type":"ListItem","position":1,"name":"Home","item":"https:\/\/family.cplea.ca\/fr\/"},{"@type":"ListItem","position":2,"name":"Divulgation de Cunningham"}]},{"@type":"WebSite","@id":"https:\/\/family.cplea.ca\/fr\/#website","url":"https:\/\/family.cplea.ca\/fr\/","name":"CPLEA Family Law","description":"","publisher":{"@id":"https:\/\/family.cplea.ca\/fr\/#organization"},"potentialAction":[{"@type":"SearchAction","target":{"@type":"EntryPoint","urlTemplate":"https:\/\/family.cplea.ca\/fr\/?s={search_term_string}"},"query-input":{"@type":"PropertyValueSpecification","valueRequired":true,"valueName":"search_term_string"}}],"inLanguage":"fr-FR"},{"@type":"Organization","@id":"https:\/\/family.cplea.ca\/fr\/#organization","name":"CPLEA Family Law","url":"https:\/\/family.cplea.ca\/fr\/","logo":{"@type":"ImageObject","inLanguage":"fr-FR","@id":"https:\/\/family.cplea.ca\/fr\/#\/schema\/logo\/image\/","url":"https:\/\/family.cplea.ca\/wp-content\/uploads\/CPLEA-new-web-logo-FR-1-1.png","contentUrl":"https:\/\/family.cplea.ca\/wp-content\/uploads\/CPLEA-new-web-logo-FR-1-1.png","width":1784,"height":273,"caption":"CPLEA Family Law"},"image":{"@id":"https:\/\/family.cplea.ca\/fr\/#\/schema\/logo\/image\/"},"sameAs":["https:\/\/www.facebook.com\/CPLEAlberta","https:\/\/x.com\/cplealberta"]}]}},"jetpack_sharing_enabled":true,"_links":{"self":[{"href":"https:\/\/family.cplea.ca\/fr\/wp-json\/wp\/v2\/pages\/2003","targetHints":{"allow":["GET"]}}],"collection":[{"href":"https:\/\/family.cplea.ca\/fr\/wp-json\/wp\/v2\/pages"}],"about":[{"href":"https:\/\/family.cplea.ca\/fr\/wp-json\/wp\/v2\/types\/page"}],"author":[{"embeddable":true,"href":"https:\/\/family.cplea.ca\/fr\/wp-json\/wp\/v2\/users\/2"}],"replies":[{"embeddable":true,"href":"https:\/\/family.cplea.ca\/fr\/wp-json\/wp\/v2\/comments?post=2003"}],"version-history":[{"count":1,"href":"https:\/\/family.cplea.ca\/fr\/wp-json\/wp\/v2\/pages\/2003\/revisions"}],"predecessor-version":[{"id":2004,"href":"https:\/\/family.cplea.ca\/fr\/wp-json\/wp\/v2\/pages\/2003\/revisions\/2004"}],"wp:attachment":[{"href":"https:\/\/family.cplea.ca\/fr\/wp-json\/wp\/v2\/media?parent=2003"}],"wp:term":[{"taxonomy":"topic","embeddable":true,"href":"https:\/\/family.cplea.ca\/fr\/wp-json\/wp\/v2\/topic?post=2003"}],"curies":[{"name":"wp","href":"https:\/\/api.w.org\/{rel}","templated":true}]}}