{"id":1997,"date":"2024-06-07T13:18:36","date_gmt":"2024-06-07T19:18:36","guid":{"rendered":"https:\/\/wpml.cplea.ca\/am-i-standing-in-the-place-of-a-parent\/"},"modified":"2025-01-30T09:56:03","modified_gmt":"2025-01-30T16:56:03","slug":"am-i-standing-in-the-place-of-a-parent","status":"publish","type":"page","link":"https:\/\/family.cplea.ca\/fr\/am-i-standing-in-the-place-of-a-parent\/","title":{"rendered":"Est-ce que je remplace un parent ?"},"content":{"rendered":"\n<div class=\"wp-block-group has-global-padding is-layout-constrained wp-block-group-is-layout-constrained\" style=\"padding-top:var(--wp--preset--spacing--20);padding-bottom:var(--wp--preset--spacing--20)\"><h1 class=\"wp-block-post-title\">Est-ce que je remplace un parent ?<\/h1><\/div>\n\n<div class=\"wp-block-group is-style-lead has-global-padding is-layout-constrained wp-block-group-is-layout-constrained\" style=\"border-top-style:none;border-top-width:0px;border-right-style:none;border-right-width:0px;border-bottom-color:var(--wp--preset--color--brown);border-bottom-width:1px;border-left-style:none;border-left-width:0px;padding-bottom:var(--wp--preset--spacing--30)\">\n<p class=\"is-style-default\">Vous ne savez pas si vous remplacez un parent pour un enfant lorsqu&#8217;il s&#8217;agit de la pension alimentaire ? <strong>R\u00e9pondez \u00e0 quelques questions pour vous aider \u00e0 d\u00e9terminer si la loi vous impose des obligations financi\u00e8res \u00e0 l&#8217;\u00e9gard d&#8217;un enfant en tant que non-parent.<\/strong> Nous ne recueillerons aucun d\u00e9tail permettant de vous identifier personnellement.<\/p>\n\n\n\n<p>En savoir plus sur l&#8217;obligation d&#8217;un parent de payer une pension alimentaire pour les enfants sur la page concernant la <a href=\"https:\/\/family.cplea.ca\/fr\/article\/regles-relatives-aux-pensions-alimentaires-pour-enfants\/\" data-type=\"article\" data-id=\"212\">pension alimentaire pour enfants<\/a> .<\/p>\n<\/div>\n<script>\nvar gform;gform||(document.addEventListener(\"gform_main_scripts_loaded\",function(){gform.scriptsLoaded=!0}),document.addEventListener(\"gform\/theme\/scripts_loaded\",function(){gform.themeScriptsLoaded=!0}),window.addEventListener(\"DOMContentLoaded\",function(){gform.domLoaded=!0}),gform={domLoaded:!1,scriptsLoaded:!1,themeScriptsLoaded:!1,isFormEditor:()=>\"function\"==typeof InitializeEditor,callIfLoaded:function(o){return!(!gform.domLoaded||!gform.scriptsLoaded||!gform.themeScriptsLoaded&&!gform.isFormEditor()||(gform.isFormEditor()&&console.warn(\"The use of gform.initializeOnLoaded() is deprecated in the form editor context and will be removed in Gravity Forms 3.1.\"),o(),0))},initializeOnLoaded:function(o){gform.callIfLoaded(o)||(document.addEventListener(\"gform_main_scripts_loaded\",()=>{gform.scriptsLoaded=!0,gform.callIfLoaded(o)}),document.addEventListener(\"gform\/theme\/scripts_loaded\",()=>{gform.themeScriptsLoaded=!0,gform.callIfLoaded(o)}),window.addEventListener(\"DOMContentLoaded\",()=>{gform.domLoaded=!0,gform.callIfLoaded(o)}))},hooks:{action:{},filter:{}},addAction:function(o,r,e,t){gform.addHook(\"action\",o,r,e,t)},addFilter:function(o,r,e,t){gform.addHook(\"filter\",o,r,e,t)},doAction:function(o){gform.doHook(\"action\",o,arguments)},applyFilters:function(o){return gform.doHook(\"filter\",o,arguments)},removeAction:function(o,r){gform.removeHook(\"action\",o,r)},removeFilter:function(o,r,e){gform.removeHook(\"filter\",o,r,e)},addHook:function(o,r,e,t,n){null==gform.hooks[o][r]&&(gform.hooks[o][r]=[]);var d=gform.hooks[o][r];null==n&&(n=r+\"_\"+d.length),gform.hooks[o][r].push({tag:n,callable:e,priority:t=null==t?10:t})},doHook:function(r,o,e){var t;if(e=Array.prototype.slice.call(e,1),null!=gform.hooks[r][o]&&((o=gform.hooks[r][o]).sort(function(o,r){return o.priority-r.priority}),o.forEach(function(o){\"function\"!=typeof(t=o.callable)&&(t=window[t]),\"action\"==r?t.apply(null,e):e[0]=t.apply(null,e)})),\"filter\"==r)return e[0]},removeHook:function(o,r,t,n){var e;null!=gform.hooks[o][r]&&(e=(e=gform.hooks[o][r]).filter(function(o,r,e){return!!(null!=n&&n!=o.tag||null!=t&&t!=o.priority)}),gform.hooks[o][r]=e)}});\n<\/script>\n\n                <div class='gf_browser_gecko gform_wrapper gravity-theme gform-theme--no-framework is-style-guided-pathway_wrapper' data-form-theme='gravity-theme' data-form-index='0' id='gform_wrapper_9' style='display:none'><form method='post' enctype='multipart\/form-data'  id='gform_9' class='is-style-guided-pathway' action='\/fr\/wp-json\/wp\/v2\/pages\/1997' data-formid='9' novalidate>\n                        <div class='gform-body gform_body'><div id='gform_fields_9' class='gform_fields top_label form_sublabel_below description_above validation_below'><fieldset id=\"field_9_1\" class=\"gfield gfield--type-radio gfield--type-choice gfield--input-type-radio field_sublabel_below gfield--no-description field_description_above field_validation_below gfield_visibility_visible\"  ><legend class='gfield_label gform-field-label' >\u00cates-vous le conjoint ou le partenaire adulte interd\u00e9pendant du parent de l&#039;enfant ?<\/legend><div class='ginput_container ginput_container_radio'><div class='gfield_radio' id='input_9_1'>\n\t\t\t<div class='gchoice gchoice_9_1_0'>\n\t\t\t\t\t<input class='gfield-choice-input' name='input_1' type='radio' value='Oui'  id='choice_9_1_0' onchange='gformToggleRadioOther( this )'    \/>\n\t\t\t\t\t<label for='choice_9_1_0' id='label_9_1_0' class='gform-field-label gform-field-label--type-inline'>Oui<\/label>\n\t\t\t<\/div>\n\t\t\t<div class='gchoice gchoice_9_1_1'>\n\t\t\t\t\t<input class='gfield-choice-input' name='input_1' type='radio' value='Non'  id='choice_9_1_1' onchange='gformToggleRadioOther( this )'    \/>\n\t\t\t\t\t<label for='choice_9_1_1' id='label_9_1_1' class='gform-field-label gform-field-label--type-inline'>Non<\/label>\n\t\t\t<\/div><\/div><\/div><\/fieldset><fieldset id=\"field_9_3\" class=\"gfield gfield--type-radio gfield--type-choice gfield--input-type-radio gfield--width-full field_sublabel_below gfield--has-description field_description_above field_validation_below gfield_visibility_visible\"  ><legend class='gfield_label gform-field-label' >Vos actions ont-elles montr\u00e9 que vous aviez l&#039;intention de traiter l&#039;enfant comme votre propre enfant ?<\/legend><div class='gfield_description' id='gfield_description_9_3'><p>Pensez-y :<\/p>\n<ul>\n<li>la dur\u00e9e et la nature de votre relation avec l&#8217;enfant, y compris la question de savoir si l&#8217;enfant vous consid\u00e8re comme son parent<\/li>\n<li>votre degr\u00e9 d&#8217;implication dans les soins, la discipline, l&#8217;\u00e9ducation ou les activit\u00e9s r\u00e9cr\u00e9atives de l&#8217;enfant<\/li>\n<li>si vous \u00eates rest\u00e9 en contact avec l&#8217;enfant depuis la s\u00e9paration<\/li>\n<li>si vous avez envisag\u00e9 de devenir le tuteur ou le parent adoptif de l&#8217;enfant, ou de changer le nom de famille de l&#8217;enfant pour qu&#8217;il corresponde au v\u00f4tre<\/li>\n<li>si vous avez soutenu financi\u00e8rement l&#8217;enfant<\/li>\n<li>la relation de l&#8217;enfant avec ses autres parents<\/li>\n<\/ul><\/div><div class='ginput_container ginput_container_radio'><div class='gfield_radio' id='input_9_3'>\n\t\t\t<div class='gchoice gchoice_9_3_0'>\n\t\t\t\t\t<input class='gfield-choice-input' name='input_3' type='radio' value='Oui'  id='choice_9_3_0' onchange='gformToggleRadioOther( this )' aria-describedby=\"gfield_description_9_3\"   \/>\n\t\t\t\t\t<label for='choice_9_3_0' id='label_9_3_0' class='gform-field-label gform-field-label--type-inline'>Oui<\/label>\n\t\t\t<\/div>\n\t\t\t<div class='gchoice gchoice_9_3_1'>\n\t\t\t\t\t<input class='gfield-choice-input' name='input_3' type='radio' value='Non'  id='choice_9_3_1' onchange='gformToggleRadioOther( this )'    \/>\n\t\t\t\t\t<label for='choice_9_3_1' id='label_9_3_1' class='gform-field-label gform-field-label--type-inline'>Non<\/label>\n\t\t\t<\/div><\/div><\/div><\/fieldset><div id=\"field_9_4\" class=\"gfield gfield--type-html gfield--input-type-html gfield_html gfield_html_formatted field_sublabel_below gfield--no-description field_description_above field_validation_below gfield_visibility_visible\"  >Vous <strong>remplacez<\/strong> un parent.<\/div><div id=\"field_9_6\" class=\"gfield gfield--type-html gfield--input-type-html gfield--width-full gfield_html gfield_html_formatted gfield_no_follows_desc field_sublabel_below gfield--no-description field_description_above field_validation_below gfield_visibility_visible\"  >Vous <strong>ne remplacez pas<\/strong> un parent.<\/div><\/div><\/div>\n        <div class='gform-footer gform_footer top_label'> <input type='submit' id='gform_submit_button_9' class='gform_button button' onclick='gform.submission.handleButtonClick(this);' data-submission-type='submit' value='Soumettre'  \/> \n            <input type='hidden' class='gform_hidden' name='gform_submission_method' data-js='gform_submission_method_9' value='postback' \/>\n            <input type='hidden' class='gform_hidden' name='gform_theme' data-js='gform_theme_9' id='gform_theme_9' value='gravity-theme' \/>\n            <input type='hidden' class='gform_hidden' name='gform_style_settings' data-js='gform_style_settings_9' id='gform_style_settings_9' value='{&quot;inputPrimaryColor&quot;:&quot;#204ce5&quot;}' \/>\n            <input type='hidden' class='gform_hidden' name='is_submit_9' value='1' \/>\n            <input type='hidden' class='gform_hidden' name='gform_submit' value='9' \/>\n            \n            <input type='hidden' class='gform_hidden' name='gform_currency' data-currency='CAD' value='t4Xj0LivlGLVT6Wjbp0rgj6c08OSbLcHpoY9Ffs\/XG7Rq8ROlko+x5yEOQ6IXjh5s8WWQNyqSi13SKpr26KiNzmRxYL2Tdmd1hH6L1iIvf\/n3aE=' \/>\n            <input type='hidden' class='gform_hidden' name='gform_unique_id' value='' \/>\n            <input type='hidden' class='gform_hidden' name='state_9' value='WyJ7XCIxXCI6W1wiZjk3ZmNiMTdkMDQ4YTJlZjVhMjUwZTYwOTEyZDgzY2JcIixcImU1MGMxMDhjNDMzNmNhY2IyNzVhZmQzYTZlNjI2OTUxXCJdLFwiM1wiOltcImY5N2ZjYjE3ZDA0OGEyZWY1YTI1MGU2MDkxMmQ4M2NiXCIsXCJlNTBjMTA4YzQzMzZjYWNiMjc1YWZkM2E2ZTYyNjk1MVwiXX0iLCIyMjAzNDdmNDgzOWNlOGY0MDViMDIwNGQ3YzcyOGRlNyJd' \/>\n            <input type='hidden' autocomplete='off' class='gform_hidden' name='gform_target_page_number_9' id='gform_target_page_number_9' value='0' \/>\n            <input type='hidden' autocomplete='off' class='gform_hidden' name='gform_source_page_number_9' id='gform_source_page_number_9' value='1' \/>\n            <input type='hidden' name='gform_field_values' value='' \/>\n            \n        <\/div>\n                        <\/form>\n                        <\/div><script>\ngform.initializeOnLoaded( function() {gformInitSpinner( 9, 'https:\/\/family.cplea.ca\/wp-content\/plugins\/gravityforms\/images\/spinner.svg', true );jQuery('#gform_ajax_frame_9').on('load',function(){var contents = jQuery(this).contents().find('*').html();var is_postback = contents.indexOf('GF_AJAX_POSTBACK') >= 0;if(!is_postback){return;}var form_content = jQuery(this).contents().find('#gform_wrapper_9');var is_confirmation = jQuery(this).contents().find('#gform_confirmation_wrapper_9').length > 0;var is_redirect = contents.indexOf('gformRedirect(){') >= 0;var is_form = form_content.length > 0 && ! is_redirect && ! is_confirmation;var mt = parseInt(jQuery('html').css('margin-top'), 10) + parseInt(jQuery('body').css('margin-top'), 10) + 100;if(is_form){form_content.find('form').css('opacity', 0);jQuery('#gform_wrapper_9').html(form_content.html());if(form_content.hasClass('gform_validation_error')){jQuery('#gform_wrapper_9').addClass('gform_validation_error');} else {jQuery('#gform_wrapper_9').removeClass('gform_validation_error');}setTimeout( function() { \/* delay the scroll by 50 milliseconds to fix a bug in chrome *\/  }, 50 );if(window['gformInitDatepicker']) {gformInitDatepicker();}if(window['gformInitPriceFields']) {gformInitPriceFields();}var current_page = jQuery('#gform_source_page_number_9').val();gformInitSpinner( 9, 'https:\/\/family.cplea.ca\/wp-content\/plugins\/gravityforms\/images\/spinner.svg', true );jQuery(document).trigger('gform_page_loaded', [9, current_page]);window['gf_submitting_9'] = false;}else if(!is_redirect){var confirmation_content = jQuery(this).contents().find('.GF_AJAX_POSTBACK').html();if(!confirmation_content){confirmation_content = contents;}jQuery('#gform_wrapper_9').replaceWith(confirmation_content);jQuery(document).trigger('gform_confirmation_loaded', [9]);window['gf_submitting_9'] = false;wp.a11y.speak(jQuery('#gform_confirmation_message_9').text());}else{jQuery('#gform_9').append(contents);if(window['gformRedirect']) {gformRedirect();}}jQuery(document).trigger(\"gform_pre_post_render\", [{ formId: \"9\", currentPage: \"current_page\", abort: function() { this.preventDefault(); } }]);        if (event && event.defaultPrevented) {                return;        }        const gformWrapperDiv = document.getElementById( \"gform_wrapper_9\" );        if ( gformWrapperDiv ) {            const visibilitySpan = document.createElement( \"span\" );            visibilitySpan.id = \"gform_visibility_test_9\";            gformWrapperDiv.insertAdjacentElement( \"afterend\", visibilitySpan );        }        const visibilityTestDiv = document.getElementById( \"gform_visibility_test_9\" );        let postRenderFired = false;        function triggerPostRender() {            if ( postRenderFired ) {                return;            }            postRenderFired = true;            gform.core.triggerPostRenderEvents( 9, current_page );            if ( visibilityTestDiv ) {                visibilityTestDiv.parentNode.removeChild( visibilityTestDiv );            }        }        function debounce( func, wait, immediate ) {            var timeout;            return function() {                var context = this, args = arguments;                var later = function() {                    timeout = null;                    if ( !immediate ) func.apply( context, args );                };                var callNow = immediate && !timeout;                clearTimeout( timeout );                timeout = setTimeout( later, wait );                if ( callNow ) func.apply( context, args );            };        }        const debouncedTriggerPostRender = debounce( function() {            triggerPostRender();        }, 200 );        if ( visibilityTestDiv && visibilityTestDiv.offsetParent === null ) {            const observer = new MutationObserver( ( mutations ) => {                mutations.forEach( ( mutation ) => {                    if ( mutation.type === 'attributes' && visibilityTestDiv.offsetParent !== null ) {                        debouncedTriggerPostRender();                        observer.disconnect();                    }                });            });            observer.observe( document.body, {                attributes: true,                childList: false,                subtree: true,                attributeFilter: [ 'style', 'class' ],            });        } else {            triggerPostRender();        }    } );} );\n<\/script>\n\n<p><\/p>\n","protected":false},"excerpt":{"rendered":"<p>R\u00e9pondez \u00e0 quelques questions pour vous aider \u00e0 d\u00e9terminer si la loi vous impose des obligations financi\u00e8res \u00e0 l&#8217;\u00e9gard d&#8217;un enfant en tant que non-parent.<\/p>\n","protected":false},"author":1,"featured_media":0,"parent":0,"menu_order":0,"comment_status":"closed","ping_status":"closed","template":"","meta":{"_acf_changed":false,"_relevanssi_hide_post":"","_relevanssi_hide_content":"","_relevanssi_pin_for_all":"","_relevanssi_pin_keywords":"","_relevanssi_unpin_keywords":"","_relevanssi_related_keywords":"","_relevanssi_related_include_ids":"","_relevanssi_related_exclude_ids":"","_relevanssi_related_no_append":"","_relevanssi_related_not_related":"","_relevanssi_related_posts":"","_relevanssi_noindex_reason":"","ghostkit_customizer_options":"","ghostkit_custom_css":"","ghostkit_custom_js_head":"","ghostkit_custom_js_foot":"","ghostkit_typography":"","footnotes":""},"topic":[135],"class_list":["post-1997","page","type-page","status-publish","hentry","topic-tools-fr"],"acf":[],"yoast_head":"<!-- This site is optimized with the Yoast SEO plugin v27.5 - https:\/\/yoast.com\/product\/yoast-seo-wordpress\/ -->\n<title>Est-ce que je remplace un parent ? - CPLEA Family Law<\/title>\n<meta name=\"robots\" content=\"index, follow, max-snippet:-1, max-image-preview:large, max-video-preview:-1\" \/>\n<link rel=\"canonical\" href=\"https:\/\/family.cplea.ca\/fr\/am-i-standing-in-the-place-of-a-parent\/\" \/>\n<script type=\"application\/ld+json\" class=\"yoast-schema-graph\">{\"@context\":\"https:\\\/\\\/schema.org\",\"@graph\":[{\"@type\":\"WebPage\",\"@id\":\"https:\\\/\\\/family.cplea.ca\\\/fr\\\/am-i-standing-in-the-place-of-a-parent\\\/\",\"url\":\"https:\\\/\\\/family.cplea.ca\\\/fr\\\/am-i-standing-in-the-place-of-a-parent\\\/\",\"name\":\"Est-ce que je remplace un parent ? - CPLEA Family Law\",\"isPartOf\":{\"@id\":\"https:\\\/\\\/family.cplea.ca\\\/fr\\\/#website\"},\"datePublished\":\"2024-06-07T19:18:36+00:00\",\"dateModified\":\"2025-01-30T16:56:03+00:00\",\"breadcrumb\":{\"@id\":\"https:\\\/\\\/family.cplea.ca\\\/fr\\\/am-i-standing-in-the-place-of-a-parent\\\/#breadcrumb\"},\"inLanguage\":\"fr-FR\",\"potentialAction\":[{\"@type\":\"ReadAction\",\"target\":[\"https:\\\/\\\/family.cplea.ca\\\/fr\\\/am-i-standing-in-the-place-of-a-parent\\\/\"]}]},{\"@type\":\"BreadcrumbList\",\"@id\":\"https:\\\/\\\/family.cplea.ca\\\/fr\\\/am-i-standing-in-the-place-of-a-parent\\\/#breadcrumb\",\"itemListElement\":[{\"@type\":\"ListItem\",\"position\":1,\"name\":\"Home\",\"item\":\"https:\\\/\\\/family.cplea.ca\\\/fr\\\/\"},{\"@type\":\"ListItem\",\"position\":2,\"name\":\"Est-ce que je remplace un parent ?\"}]},{\"@type\":\"WebSite\",\"@id\":\"https:\\\/\\\/family.cplea.ca\\\/fr\\\/#website\",\"url\":\"https:\\\/\\\/family.cplea.ca\\\/fr\\\/\",\"name\":\"CPLEA Family Law\",\"description\":\"\",\"publisher\":{\"@id\":\"https:\\\/\\\/family.cplea.ca\\\/fr\\\/#organization\"},\"potentialAction\":[{\"@type\":\"SearchAction\",\"target\":{\"@type\":\"EntryPoint\",\"urlTemplate\":\"https:\\\/\\\/family.cplea.ca\\\/fr\\\/?s={search_term_string}\"},\"query-input\":{\"@type\":\"PropertyValueSpecification\",\"valueRequired\":true,\"valueName\":\"search_term_string\"}}],\"inLanguage\":\"fr-FR\"},{\"@type\":\"Organization\",\"@id\":\"https:\\\/\\\/family.cplea.ca\\\/fr\\\/#organization\",\"name\":\"CPLEA Family Law\",\"url\":\"https:\\\/\\\/family.cplea.ca\\\/fr\\\/\",\"logo\":{\"@type\":\"ImageObject\",\"inLanguage\":\"fr-FR\",\"@id\":\"https:\\\/\\\/family.cplea.ca\\\/fr\\\/#\\\/schema\\\/logo\\\/image\\\/\",\"url\":\"https:\\\/\\\/family.cplea.ca\\\/wp-content\\\/uploads\\\/CPLEA-new-web-logo-FR-1-1.png\",\"contentUrl\":\"https:\\\/\\\/family.cplea.ca\\\/wp-content\\\/uploads\\\/CPLEA-new-web-logo-FR-1-1.png\",\"width\":1784,\"height\":273,\"caption\":\"CPLEA Family Law\"},\"image\":{\"@id\":\"https:\\\/\\\/family.cplea.ca\\\/fr\\\/#\\\/schema\\\/logo\\\/image\\\/\"},\"sameAs\":[\"https:\\\/\\\/www.facebook.com\\\/CPLEAlberta\",\"https:\\\/\\\/x.com\\\/cplealberta\"]}]}<\/script>\n<!-- \/ Yoast SEO plugin. -->","yoast_head_json":{"title":"Est-ce que je remplace un parent ? - CPLEA Family Law","robots":{"index":"index","follow":"follow","max-snippet":"max-snippet:-1","max-image-preview":"max-image-preview:large","max-video-preview":"max-video-preview:-1"},"canonical":"https:\/\/family.cplea.ca\/fr\/am-i-standing-in-the-place-of-a-parent\/","schema":{"@context":"https:\/\/schema.org","@graph":[{"@type":"WebPage","@id":"https:\/\/family.cplea.ca\/fr\/am-i-standing-in-the-place-of-a-parent\/","url":"https:\/\/family.cplea.ca\/fr\/am-i-standing-in-the-place-of-a-parent\/","name":"Est-ce que je remplace un parent ? - CPLEA Family Law","isPartOf":{"@id":"https:\/\/family.cplea.ca\/fr\/#website"},"datePublished":"2024-06-07T19:18:36+00:00","dateModified":"2025-01-30T16:56:03+00:00","breadcrumb":{"@id":"https:\/\/family.cplea.ca\/fr\/am-i-standing-in-the-place-of-a-parent\/#breadcrumb"},"inLanguage":"fr-FR","potentialAction":[{"@type":"ReadAction","target":["https:\/\/family.cplea.ca\/fr\/am-i-standing-in-the-place-of-a-parent\/"]}]},{"@type":"BreadcrumbList","@id":"https:\/\/family.cplea.ca\/fr\/am-i-standing-in-the-place-of-a-parent\/#breadcrumb","itemListElement":[{"@type":"ListItem","position":1,"name":"Home","item":"https:\/\/family.cplea.ca\/fr\/"},{"@type":"ListItem","position":2,"name":"Est-ce que je remplace un parent ?"}]},{"@type":"WebSite","@id":"https:\/\/family.cplea.ca\/fr\/#website","url":"https:\/\/family.cplea.ca\/fr\/","name":"CPLEA Family Law","description":"","publisher":{"@id":"https:\/\/family.cplea.ca\/fr\/#organization"},"potentialAction":[{"@type":"SearchAction","target":{"@type":"EntryPoint","urlTemplate":"https:\/\/family.cplea.ca\/fr\/?s={search_term_string}"},"query-input":{"@type":"PropertyValueSpecification","valueRequired":true,"valueName":"search_term_string"}}],"inLanguage":"fr-FR"},{"@type":"Organization","@id":"https:\/\/family.cplea.ca\/fr\/#organization","name":"CPLEA Family Law","url":"https:\/\/family.cplea.ca\/fr\/","logo":{"@type":"ImageObject","inLanguage":"fr-FR","@id":"https:\/\/family.cplea.ca\/fr\/#\/schema\/logo\/image\/","url":"https:\/\/family.cplea.ca\/wp-content\/uploads\/CPLEA-new-web-logo-FR-1-1.png","contentUrl":"https:\/\/family.cplea.ca\/wp-content\/uploads\/CPLEA-new-web-logo-FR-1-1.png","width":1784,"height":273,"caption":"CPLEA Family Law"},"image":{"@id":"https:\/\/family.cplea.ca\/fr\/#\/schema\/logo\/image\/"},"sameAs":["https:\/\/www.facebook.com\/CPLEAlberta","https:\/\/x.com\/cplealberta"]}]}},"jetpack_sharing_enabled":true,"_links":{"self":[{"href":"https:\/\/family.cplea.ca\/fr\/wp-json\/wp\/v2\/pages\/1997","targetHints":{"allow":["GET"]}}],"collection":[{"href":"https:\/\/family.cplea.ca\/fr\/wp-json\/wp\/v2\/pages"}],"about":[{"href":"https:\/\/family.cplea.ca\/fr\/wp-json\/wp\/v2\/types\/page"}],"author":[{"embeddable":true,"href":"https:\/\/family.cplea.ca\/fr\/wp-json\/wp\/v2\/users\/1"}],"replies":[{"embeddable":true,"href":"https:\/\/family.cplea.ca\/fr\/wp-json\/wp\/v2\/comments?post=1997"}],"version-history":[{"count":5,"href":"https:\/\/family.cplea.ca\/fr\/wp-json\/wp\/v2\/pages\/1997\/revisions"}],"predecessor-version":[{"id":2098,"href":"https:\/\/family.cplea.ca\/fr\/wp-json\/wp\/v2\/pages\/1997\/revisions\/2098"}],"wp:attachment":[{"href":"https:\/\/family.cplea.ca\/fr\/wp-json\/wp\/v2\/media?parent=1997"}],"wp:term":[{"taxonomy":"topic","embeddable":true,"href":"https:\/\/family.cplea.ca\/fr\/wp-json\/wp\/v2\/topic?post=1997"}],"curies":[{"name":"wp","href":"https:\/\/api.w.org\/{rel}","templated":true}]}}