{"id":1967,"date":"2024-03-25T09:23:11","date_gmt":"2024-03-25T15:23:11","guid":{"rendered":"https:\/\/wpml.cplea.ca\/trouver-un-soutien-juridique\/"},"modified":"2025-01-29T06:46:26","modified_gmt":"2025-01-29T13:46:26","slug":"trouver-un-soutien-juridique","status":"publish","type":"page","link":"https:\/\/family.cplea.ca\/fr\/trouver-un-soutien-juridique\/","title":{"rendered":"Trouver un soutien juridique"},"content":{"rendered":"\n<div class=\"wp-block-group has-global-padding is-layout-constrained wp-block-group-is-layout-constrained\" style=\"padding-top:var(--wp--preset--spacing--20);padding-bottom:var(--wp--preset--spacing--20)\"><h1 class=\"wp-block-post-title\">Trouver un soutien juridique<\/h1><\/div>\n\n<div class=\"wp-block-group is-style-lead has-global-padding is-layout-constrained wp-block-group-is-layout-constrained\" style=\"border-top-style:none;border-top-width:0px;border-right-style:none;border-right-width:0px;border-bottom-color:var(--wp--preset--color--brown);border-bottom-width:1px;border-left-style:none;border-left-width:0px;padding-bottom:var(--wp--preset--spacing--30)\">\n<p class=\"is-style-default\">Vous avez parfois besoin d&#8217;un soutien juridique lorsque vous \u00eates confront\u00e9 \u00e0 une question de droit de la famille. <strong>R\u00e9pondez aux cinq questions pour s\u00e9lectionner les agences et les services les plus adapt\u00e9s \u00e0 votre situation.<\/strong> Nous ne recueillerons aucun d\u00e9tail permettant de vous identifier personnellement. Il est \u00e0 noter que la majorit\u00e9 des services sont offerts en anglais \u00e0 moins d\u2019en \u00eatre autrement indiqu\u00e9.<\/p>\n<\/div>\n\n<div class=\"wp-block-columns is-layout-flex wp-container-core-columns-is-layout-28f84493 wp-block-columns-is-layout-flex\">\n<div class=\"wp-block-column is-style-sidebar is-sticky is-layout-flow wp-block-column-is-layout-flow\" style=\"flex-basis:33.33%\"><div class=\"facetwp-facet facetwp-facet-what_do_you_need_help_with facetwp-type-checkboxes\" data-name=\"what_do_you_need_help_with\" data-type=\"checkboxes\"><\/div>\n\n\n<div class=\"facetwp-facet facetwp-facet-where_do_you_live facetwp-type-radio\" data-name=\"where_do_you_live\" data-type=\"radio\"><\/div>\n\n\n<div class=\"facetwp-facet facetwp-facet-have_you_already_qualified facetwp-type-radio\" data-name=\"have_you_already_qualified\" data-type=\"radio\"><\/div>\n\n\n<div class=\"facetwp-facet facetwp-facet-which_court_are_you_in facetwp-type-radio\" data-name=\"which_court_are_you_in\" data-type=\"radio\"><\/div>\n\n\n<div class=\"facetwp-facet facetwp-facet-do_you_identify_as_any_of_the_following facetwp-type-checkboxes\" data-name=\"do_you_identify_as_any_of_the_following\" data-type=\"checkboxes\"><\/div>\n<\/div>\n\n\n\n<div class=\"wp-block-column is-layout-flow wp-block-column-is-layout-flow\" style=\"flex-basis:66.66%\">\t\t<section class=\"block block--resources block--resources-type stack facetwp-template\">\n\t\t\t\t\t\t\t\t<div id=\"post-2193\" class=\"block--card block--card_balance resource--item grid\">\n\t\t\t\t<!--<div class=\"block--image two two_t two_m\">\n\t\t\t\t\t\t\t\t\t<\/div>-->\n\t\t\t\t<div class=\"block--content twelve twelve_t twelve_m stack\">\n\n\t\t\t\t\t<h3>Alberta Legal Coaches &amp; Limited Services<\/h3>\n\n\t\t\t\t\t\n<p>Cet annuaire peut vous aider \u00e0 trouver des avocats qui offrent des services de coaching et des services limit\u00e9s.<\/p>\n\n\t\t\t\t\t<div class=\"wp-block-buttons is-content-justification-left is-layout-flex wp-container-core-buttons-is-layout-fc4fd283 wp-block-buttons-is-layout-flex\">\n\t\t\t\t\t\t<div class=\"wp-block-button is-style-fill-rounded\"><a href=\"https:\/\/albertalegal.org\/\" class=\"wp-block-button__link excerpt-read-more\">Voir le r\u00e9pertoire<\/a><\/div>\n\t\t\t\t\t\t<\/div>\n\t\t\t\t<\/div>\n\t\t\t<\/div>\n\t\t\t\t\t\t\t\t<div id=\"post-2376\" class=\"block--card block--card_balance resource--item grid\">\n\t\t\t\t<!--<div class=\"block--image two two_t two_m\">\n\t\t\t\t\t\t\t\t\t<\/div>-->\n\t\t\t\t<div class=\"block--content twelve twelve_t twelve_m stack\">\n\n\t\t\t\t\t<h3>Arbitrages en mati\u00e8re de divorce<\/h3>\n\n\t\t\t\t\t\n<p>Cet annuaire peut vous aider \u00e0 trouver un arbitre en droit de la famille qui peut vous aider \u00e0 r\u00e9soudre vos diff\u00e9rends sans passer par le tribunal.<\/p>\n\n\t\t\t\t\t<div class=\"wp-block-buttons is-content-justification-left is-layout-flex wp-container-core-buttons-is-layout-fc4fd283 wp-block-buttons-is-layout-flex\">\n\t\t\t\t\t\t<div class=\"wp-block-button is-style-fill-rounded\"><a href=\"https:\/\/www.divorcearbitrations.ca\/\" class=\"wp-block-button__link excerpt-read-more\">Visitez le r\u00e9pertoire<\/a><\/div>\n\t\t\t\t\t\t<\/div>\n\t\t\t\t<\/div>\n\t\t\t<\/div>\n\t\t\t\t\t\t\t\t<div id=\"post-2195\" class=\"block--card block--card_balance resource--item grid\">\n\t\t\t\t<!--<div class=\"block--image two two_t two_m\">\n\t\t\t\t\t\t\t\t\t<\/div>-->\n\t\t\t\t<div class=\"block--content twelve twelve_t twelve_m stack\">\n\n\t\t\t\t\t<h3>Ask-a-Lawyer (Clinique juridique communautaire du centre de l&#8217;Alberta)<\/h3>\n\n\t\t\t\t\t\n<p>Des juristes b\u00e9n\u00e9voles peuvent vous offrir 20 minutes d&#8217;assistance juridique gratuite sur de nombreuses questions de droit de la famille. Ces \u00e9v\u00e9nements se d\u00e9roulent g\u00e9n\u00e9ralement dans les biblioth\u00e8ques publiques et les premiers arriv\u00e9s sont les premiers servis. En raison du grand nombre de personnes, la clinique ne peut garantir un rendez-vous.  <\/p>\n\n\t\t\t\t\t<div class=\"wp-block-buttons is-content-justification-left is-layout-flex wp-container-core-buttons-is-layout-fc4fd283 wp-block-buttons-is-layout-flex\">\n\t\t\t\t\t\t<div class=\"wp-block-button is-style-fill-rounded\"><a href=\"https:\/\/communitylegalclinic.net\/events\/\" class=\"wp-block-button__link excerpt-read-more\">Visitez leur site<\/a><\/div>\n\t\t\t\t\t\t<\/div>\n\t\t\t\t<\/div>\n\t\t\t<\/div>\n\t\t\t\t\t\t\t\t<div id=\"post-2388\" class=\"block--card block--card_balance resource--item grid\">\n\t\t\t\t<!--<div class=\"block--image two two_t two_m\">\n\t\t\t\t\t\t\t\t\t<\/div>-->\n\t\t\t\t<div class=\"block--content twelve twelve_t twelve_m stack\">\n\n\t\t\t\t\t<h3>Assistance juridique et financi\u00e8re au Women&#8217;s Centre Calgary<\/h3>\n\n\t\t\t\t\t\n<p>Des avocats b\u00e9n\u00e9voles peuvent donner 30 minutes de soutien juridique gratuit sur de nombreuses questions de droit de la famille. Les services sont disponibles pour les personnes de Calgary s&#8217;identifiant comme femmes et de diversit\u00e9 de genres. <\/p>\n\n\t\t\t\t\t<div class=\"wp-block-buttons is-content-justification-left is-layout-flex wp-container-core-buttons-is-layout-fc4fd283 wp-block-buttons-is-layout-flex\">\n\t\t\t\t\t\t<div class=\"wp-block-button is-style-fill-rounded\"><a href=\"tel:403-264-1155\" class=\"wp-block-button__link excerpt-read-more\">Appelez le 403-264-1155<\/a><\/div>\n\t\t\t\t\t\t\n\t\t\t\t\t\t<div class=\"wp-block-button is-style-fill-rounded\"><a href=\"mailto:legal@womenscentrecalgary.org\" class=\"wp-block-button__link excerpt-read-more\">Courriel legal@womenscentrecalgary.org<\/a><\/div>\n\t\t\t\t\t\t<\/div>\n\t\t\t\t<\/div>\n\t\t\t<\/div>\n\t\t\t\t\t\t\t\t<div id=\"post-2397\" class=\"block--card block--card_balance resource--item grid\">\n\t\t\t\t<!--<div class=\"block--image two two_t two_m\">\n\t\t\t\t\t\t\t\t\t<\/div>-->\n\t\t\t\t<div class=\"block--content twelve twelve_t twelve_m stack\">\n\n\t\t\t\t\t<h3>Assistance juridique \u00e9tudiante (SLA)<\/h3>\n\n\t\t\t\t\t\n<p>Les \u00e9tudiants en droit peuvent vous donner des informations juridiques sur les questions relevant de la loi sur le droit de la famille (Family Law Act). Ils peuvent \u00e9galement vous repr\u00e9senter en tant qu&#8217;agent devant la Cour de justice de l&#8217;Alberta. <\/p>\n\n<p>La demande fait l\u2019objet d\u2019un frais unique de $50. L&#8217;\u00e9ligibilit\u00e9 aux services d\u00e9pend \u00e9galement de vos revenus. <\/p>\n\n\t\t\t\t\t<div class=\"wp-block-buttons is-content-justification-left is-layout-flex wp-container-core-buttons-is-layout-fc4fd283 wp-block-buttons-is-layout-flex\">\n\t\t\t\t\t\t<div class=\"wp-block-button is-style-fill-rounded\"><a href=\"https:\/\/slacalgary.com\/contact\/\" class=\"wp-block-button__link excerpt-read-more\">Remplir le formulaire d&#8217;admission<\/a><\/div>\n\t\t\t\t\t\t\n\t\t\t\t\t\t<div class=\"wp-block-button is-style-fill-rounded\"><a href=\"tel:403-220-6637\" class=\"wp-block-button__link excerpt-read-more\">Appelez le 403-220-6637<\/a><\/div>\n\t\t\t\t\t\t<\/div>\n\t\t\t\t<\/div>\n\t\t\t<\/div>\n\t\t\t\t\t\t\t\t<div id=\"post-2373\" class=\"block--card block--card_balance resource--item grid\">\n\t\t\t\t<!--<div class=\"block--image two two_t two_m\">\n\t\t\t\t\t\t\t\t\t<\/div>-->\n\t\t\t\t<div class=\"block--content twelve twelve_t twelve_m stack\">\n\n\t\t\t\t\t<h3>Association de divorce collaboratif de l&#8217;Alberta<\/h3>\n\n\t\t\t\t\t\n<p>Ce r\u00e9pertoire peut vous aider \u00e0 trouver des professionnels de la collaboration familiale qui peuvent vous aider \u00e0 r\u00e9soudre vos diff\u00e9rends sans passer par les tribunaux.<\/p>\n\n\t\t\t\t\t<div class=\"wp-block-buttons is-content-justification-left is-layout-flex wp-container-core-buttons-is-layout-fc4fd283 wp-block-buttons-is-layout-flex\">\n\t\t\t\t\t\t<div class=\"wp-block-button is-style-fill-rounded\"><a href=\"https:\/\/collaborativepractice.ca\/\" class=\"wp-block-button__link excerpt-read-more\">Visitez le r\u00e9pertoire<\/a><\/div>\n\t\t\t\t\t\t<\/div>\n\t\t\t\t<\/div>\n\t\t\t<\/div>\n\t\t\t\t\t\t\t\t<div id=\"post-2192\" class=\"block--card block--card_balance resource--item grid\">\n\t\t\t\t<!--<div class=\"block--image two two_t two_m\">\n\t\t\t\t\t\t\t\t\t<\/div>-->\n\t\t\t\t<div class=\"block--content twelve twelve_t twelve_m stack\">\n\n\t\t\t\t\t<h3>Biblioth\u00e8ques juridiques de l&#8217;Alberta<\/h3>\n\n\t\t\t\t\t\n<p>Les biblioth\u00e8ques juridiques des palais de justice de l&#8217;Alberta peuvent vous aider \u00e0 trouver des ressources et des informations qui vous aideront \u00e0 r\u00e9soudre votre probl\u00e8me juridique. Certains services sont \u00e9galement disponibles en ligne. <\/p>\n\n\t\t\t\t\t<div class=\"wp-block-buttons is-content-justification-left is-layout-flex wp-container-core-buttons-is-layout-fc4fd283 wp-block-buttons-is-layout-flex\">\n\t\t\t\t\t\t<div class=\"wp-block-button is-style-fill-rounded\"><a href=\"https:\/\/lawlibrary.ab.ca\/\" class=\"wp-block-button__link excerpt-read-more\">Visitez leur site<\/a><\/div>\n\t\t\t\t\t\t<\/div>\n\t\t\t\t<\/div>\n\t\t\t<\/div>\n\t\t\t\t\t\t\t\t<div id=\"post-2196\" class=\"block--card block--card_balance resource--item grid\">\n\t\t\t\t<!--<div class=\"block--image two two_t two_m\">\n\t\t\t\t\t\t\t\t\t<\/div>-->\n\t\t\t\t<div class=\"block--content twelve twelve_t twelve_m stack\">\n\n\t\t\t\t\t<h3>Calgary Legal Guidance (CLG)<\/h3>\n\n\t\t\t\t\t\n<p>Des avocats b\u00e9n\u00e9voles peuvent vous fournir gratuitement une assistance juridique de 30 \u00e0 45 minutes sur de nombreuses questions relatives au droit de la famille. Le CLG organise \u00e9galement des s\u00e9minaires sur le divorce. <\/p>\n\n<p>CLG ne peut pas vous aider si vous avez droit \u00e0 l&#8217;aide juridique ou \u00e0 l&#8217;assistance juridique \u00e9tudiante, \u00e0 moins que vous n&#8217;ayez un probl\u00e8me pour lequel ces organismes ne peuvent pas vous aider. L&#8217;\u00e9ligibilit\u00e9 \u00e0 ces services d\u00e9pend \u00e9galement de vos revenus. <\/p>\n\n\t\t\t\t\t<div class=\"wp-block-buttons is-content-justification-left is-layout-flex wp-container-core-buttons-is-layout-fc4fd283 wp-block-buttons-is-layout-flex\">\n\t\t\t\t\t\t<div class=\"wp-block-button is-style-fill-rounded\"><a href=\"tel:403-234-9266\" class=\"wp-block-button__link excerpt-read-more\">Appelez le 403-234-9266<\/a><\/div>\n\t\t\t\t\t\t\n\t\t\t\t\t\t<div class=\"wp-block-button is-style-fill-rounded\"><a href=\"https:\/\/clg.ab.ca\/\" class=\"wp-block-button__link excerpt-read-more\">Visitez leur site<\/a><\/div>\n\t\t\t\t\t\t<\/div>\n\t\t\t\t<\/div>\n\t\t\t<\/div>\n\t\t\t\t\t\t\t\t<div id=\"post-2368\" class=\"block--card block--card_balance resource--item grid\">\n\t\t\t\t<!--<div class=\"block--image two two_t two_m\">\n\t\t\t\t\t\t\t\t\t<\/div>-->\n\t\t\t\t<div class=\"block--content twelve twelve_t twelve_m stack\">\n\n\t\t\t\t\t<h3>Centre Albertain d&#8217;Information Juridique (Association des juristes d&#8217;expression fran\u00e7aise de l&#8217;Alberta)<\/h3>\n\n\t\t\t\t\t\n<p>Le Centre fournit des informations juridiques pour vous aider \u00e0 comprendre vos droits et le syst\u00e8me judiciaire en Alberta. Le Centre ne peut pas fournir de conseils juridiques. Ce service est destin\u00e9 aux Albertains francophones.  <\/p>\n\n\t\t\t\t\t<div class=\"wp-block-buttons is-content-justification-left is-layout-flex wp-container-core-buttons-is-layout-fc4fd283 wp-block-buttons-is-layout-flex\">\n\t\t\t\t\t\t<div class=\"wp-block-button is-style-fill-rounded\"><a href=\"https:\/\/www.infojuri.ca\/en\/form\" class=\"wp-block-button__link excerpt-read-more\">Remplir le formulaire d&#8217;admission<\/a><\/div>\n\t\t\t\t\t\t\n\t\t\t\t\t\t<div class=\"wp-block-button is-style-fill-rounded\"><a href=\"tel:1-844-266-5822\" class=\"wp-block-button__link excerpt-read-more\">Appelez le 1-844-266-5822<\/a><\/div>\n\t\t\t\t\t\t<\/div>\n\t\t\t\t<\/div>\n\t\t\t<\/div>\n\t\t\t\t\t\t\t\t<div id=\"post-2378\" class=\"block--card block--card_balance resource--item grid\">\n\t\t\t\t<!--<div class=\"block--image two two_t two_m\">\n\t\t\t\t\t\t\t\t\t<\/div>-->\n\t\t\t\t<div class=\"block--content twelve twelve_t twelve_m stack\">\n\n\t\t\t\t\t<h3>Centre juridique communautaire d&#8217;Edmonton (ECLC)<\/h3>\n\n\t\t\t\t\t\n<p>Ce service gratuit vous aide \u00e0 naviguer dans le syst\u00e8me de justice familiale et vous fournit des informations juridiques et des r\u00e9f\u00e9rences sur tous les domaines du droit de la famille. L&#8217;ECLC dessert Edmonton et sa r\u00e9gion ainsi que le nord de l&#8217;Alberta.  <\/p>\n\n<p>Les personnes financi\u00e8rement \u00e9ligibles auront acc\u00e8s \u00e0 des rendez-vous gratuits de 30 \u00e0 45 minutes avec un avocat b\u00e9n\u00e9vole pour obtenir des conseils juridiques.<\/p>\n\n\t\t\t\t\t<div class=\"wp-block-buttons is-content-justification-left is-layout-flex wp-container-core-buttons-is-layout-fc4fd283 wp-block-buttons-is-layout-flex\">\n\t\t\t\t\t\t<div class=\"wp-block-button is-style-fill-rounded\"><a href=\"https:\/\/www.eclc.ca\/family-law\" class=\"wp-block-button__link excerpt-read-more\">Remplir le formulaire d&#8217;admission<\/a><\/div>\n\t\t\t\t\t\t\n\t\t\t\t\t\t<div class=\"wp-block-button is-style-fill-rounded\"><a href=\"tel:780-702-1725\" class=\"wp-block-button__link excerpt-read-more\">Appelez le 780-702-1725<\/a><\/div>\n\t\t\t\t\t\t<\/div>\n\t\t\t\t<\/div>\n\t\t\t<\/div>\n\t\t\t\t\t\t\t\t<div id=\"post-2369\" class=\"block--card block--card_balance resource--item grid\">\n\t\t\t\t<!--<div class=\"block--image two two_t two_m\">\n\t\t\t\t\t\t\t\t\t<\/div>-->\n\t\t\t\t<div class=\"block--content twelve twelve_t twelve_m stack\">\n\n\t\t\t\t\t<h3>Child Support Recalculation Program (Gouvernement de l&#8217;Alberta)<\/h3>\n\n\t\t\t\t\t\n<p>Ce programme gouvernemental gratuit permet de mettre \u00e0 jour le montant de la pension alimentaire qu&#8217;un parent doit payer en fonction de ses revenus. Pour avoir acc\u00e8s aux services, vous devez avoir une ordonnance ou un accord concernant la pension alimentaire pour enfants. <\/p>\n\n\t\t\t\t\t<div class=\"wp-block-buttons is-content-justification-left is-layout-flex wp-container-core-buttons-is-layout-fc4fd283 wp-block-buttons-is-layout-flex\">\n\t\t\t\t\t\t<div class=\"wp-block-button is-style-fill-rounded\"><a href=\"https:\/\/www.alberta.ca\/rp-am-i-eligible\" class=\"wp-block-button__link excerpt-read-more\">V\u00e9rifiez si vous \u00eates \u00e9ligible<\/a><\/div>\n\t\t\t\t\t\t<\/div>\n\t\t\t\t<\/div>\n\t\t\t<\/div>\n\t\t\t\t\t\t\t\t<div id=\"post-2370\" class=\"block--card block--card_balance resource--item grid\">\n\t\t\t\t<!--<div class=\"block--image two two_t two_m\">\n\t\t\t\t\t\t\t\t\t<\/div>-->\n\t\t\t\t<div class=\"block--content twelve twelve_t twelve_m stack\">\n\n\t\t\t\t\t<h3>Child Support Resolution Program (Gouvernement de l&#8217;Alberta)<\/h3>\n\n\t\t\t\t\t\n<p>Ce programme gouvernemental gratuit aide les parents \u00e0 parvenir \u00e0 un accord sur le soutien financier \u00e0 apporter \u00e0 leurs enfants et \u00e0 obtenir une ordonnance de la cour sur la pension alimentaire. Ce service n&#8217;est disponible qu&#8217;\u00e0 Edmonton et Calgary. <\/p>\n\n\t\t\t\t\t<div class=\"wp-block-buttons is-content-justification-left is-layout-flex wp-container-core-buttons-is-layout-fc4fd283 wp-block-buttons-is-layout-flex\">\n\t\t\t\t\t\t<div class=\"wp-block-button is-style-fill-rounded\"><a href=\"https:\/\/www.alberta.ca\/child-support-resolution-program\" class=\"wp-block-button__link excerpt-read-more\">Visitez leur site<\/a><\/div>\n\t\t\t\t\t\t<\/div>\n\t\t\t\t<\/div>\n\t\t\t<\/div>\n\t\t\t\t<\/section>\n\t\n\n<div class=\"facetwp-facet facetwp-facet-pagination facetwp-type-pager\" data-name=\"pagination\" data-type=\"pager\"><\/div>\n<\/div>\n<\/div>\n","protected":false},"excerpt":{"rendered":"<p>R\u00e9pondez \u00e0 cinq br\u00e8ves questions pour obtenir une liste d&#8217;agences et de services les plus adapt\u00e9s \u00e0 votre situation.<\/p>\n","protected":false},"author":1,"featured_media":0,"parent":0,"menu_order":0,"comment_status":"closed","ping_status":"closed","template":"","meta":{"_acf_changed":false,"_relevanssi_hide_post":"","_relevanssi_hide_content":"","_relevanssi_pin_for_all":"","_relevanssi_pin_keywords":"","_relevanssi_unpin_keywords":"","_relevanssi_related_keywords":"","_relevanssi_related_include_ids":"","_relevanssi_related_exclude_ids":"","_relevanssi_related_no_append":"","_relevanssi_related_not_related":"","_relevanssi_related_posts":"","_relevanssi_noindex_reason":"","ghostkit_customizer_options":"","ghostkit_custom_css":"","ghostkit_custom_js_head":"","ghostkit_custom_js_foot":"","ghostkit_typography":"","footnotes":""},"topic":[135],"class_list":["post-1967","page","type-page","status-publish","hentry","topic-tools-fr"],"acf":[],"yoast_head":"<!-- This site is optimized with the Yoast SEO plugin v27.5 - https:\/\/yoast.com\/product\/yoast-seo-wordpress\/ -->\n<title>Trouver un soutien juridique - CPLEA Family Law<\/title>\n<meta name=\"robots\" content=\"index, follow, max-snippet:-1, max-image-preview:large, max-video-preview:-1\" \/>\n<link rel=\"canonical\" href=\"https:\/\/family.cplea.ca\/fr\/trouver-un-soutien-juridique\/\" \/>\n<meta name=\"twitter:label1\" content=\"Est. reading time\" \/>\n\t<meta name=\"twitter:data1\" content=\"1 minute\" \/>\n<script type=\"application\/ld+json\" class=\"yoast-schema-graph\">{\"@context\":\"https:\\\/\\\/schema.org\",\"@graph\":[{\"@type\":\"WebPage\",\"@id\":\"https:\\\/\\\/family.cplea.ca\\\/fr\\\/trouver-un-soutien-juridique\\\/\",\"url\":\"https:\\\/\\\/family.cplea.ca\\\/fr\\\/trouver-un-soutien-juridique\\\/\",\"name\":\"Trouver un soutien juridique - CPLEA Family Law\",\"isPartOf\":{\"@id\":\"https:\\\/\\\/family.cplea.ca\\\/fr\\\/#website\"},\"datePublished\":\"2024-03-25T15:23:11+00:00\",\"dateModified\":\"2025-01-29T13:46:26+00:00\",\"breadcrumb\":{\"@id\":\"https:\\\/\\\/family.cplea.ca\\\/fr\\\/trouver-un-soutien-juridique\\\/#breadcrumb\"},\"inLanguage\":\"fr-FR\",\"potentialAction\":[{\"@type\":\"ReadAction\",\"target\":[\"https:\\\/\\\/family.cplea.ca\\\/fr\\\/trouver-un-soutien-juridique\\\/\"]}]},{\"@type\":\"BreadcrumbList\",\"@id\":\"https:\\\/\\\/family.cplea.ca\\\/fr\\\/trouver-un-soutien-juridique\\\/#breadcrumb\",\"itemListElement\":[{\"@type\":\"ListItem\",\"position\":1,\"name\":\"Home\",\"item\":\"https:\\\/\\\/family.cplea.ca\\\/fr\\\/\"},{\"@type\":\"ListItem\",\"position\":2,\"name\":\"Trouver un soutien juridique\"}]},{\"@type\":\"WebSite\",\"@id\":\"https:\\\/\\\/family.cplea.ca\\\/fr\\\/#website\",\"url\":\"https:\\\/\\\/family.cplea.ca\\\/fr\\\/\",\"name\":\"CPLEA Family Law\",\"description\":\"\",\"publisher\":{\"@id\":\"https:\\\/\\\/family.cplea.ca\\\/fr\\\/#organization\"},\"potentialAction\":[{\"@type\":\"SearchAction\",\"target\":{\"@type\":\"EntryPoint\",\"urlTemplate\":\"https:\\\/\\\/family.cplea.ca\\\/fr\\\/?s={search_term_string}\"},\"query-input\":{\"@type\":\"PropertyValueSpecification\",\"valueRequired\":true,\"valueName\":\"search_term_string\"}}],\"inLanguage\":\"fr-FR\"},{\"@type\":\"Organization\",\"@id\":\"https:\\\/\\\/family.cplea.ca\\\/fr\\\/#organization\",\"name\":\"CPLEA Family Law\",\"url\":\"https:\\\/\\\/family.cplea.ca\\\/fr\\\/\",\"logo\":{\"@type\":\"ImageObject\",\"inLanguage\":\"fr-FR\",\"@id\":\"https:\\\/\\\/family.cplea.ca\\\/fr\\\/#\\\/schema\\\/logo\\\/image\\\/\",\"url\":\"https:\\\/\\\/family.cplea.ca\\\/wp-content\\\/uploads\\\/CPLEA-new-web-logo-FR-1-1.png\",\"contentUrl\":\"https:\\\/\\\/family.cplea.ca\\\/wp-content\\\/uploads\\\/CPLEA-new-web-logo-FR-1-1.png\",\"width\":1784,\"height\":273,\"caption\":\"CPLEA Family Law\"},\"image\":{\"@id\":\"https:\\\/\\\/family.cplea.ca\\\/fr\\\/#\\\/schema\\\/logo\\\/image\\\/\"},\"sameAs\":[\"https:\\\/\\\/www.facebook.com\\\/CPLEAlberta\",\"https:\\\/\\\/x.com\\\/cplealberta\"]}]}<\/script>\n<!-- \/ Yoast SEO plugin. -->","yoast_head_json":{"title":"Trouver un soutien juridique - CPLEA Family Law","robots":{"index":"index","follow":"follow","max-snippet":"max-snippet:-1","max-image-preview":"max-image-preview:large","max-video-preview":"max-video-preview:-1"},"canonical":"https:\/\/family.cplea.ca\/fr\/trouver-un-soutien-juridique\/","twitter_misc":{"Est. reading time":"1 minute"},"schema":{"@context":"https:\/\/schema.org","@graph":[{"@type":"WebPage","@id":"https:\/\/family.cplea.ca\/fr\/trouver-un-soutien-juridique\/","url":"https:\/\/family.cplea.ca\/fr\/trouver-un-soutien-juridique\/","name":"Trouver un soutien juridique - CPLEA Family Law","isPartOf":{"@id":"https:\/\/family.cplea.ca\/fr\/#website"},"datePublished":"2024-03-25T15:23:11+00:00","dateModified":"2025-01-29T13:46:26+00:00","breadcrumb":{"@id":"https:\/\/family.cplea.ca\/fr\/trouver-un-soutien-juridique\/#breadcrumb"},"inLanguage":"fr-FR","potentialAction":[{"@type":"ReadAction","target":["https:\/\/family.cplea.ca\/fr\/trouver-un-soutien-juridique\/"]}]},{"@type":"BreadcrumbList","@id":"https:\/\/family.cplea.ca\/fr\/trouver-un-soutien-juridique\/#breadcrumb","itemListElement":[{"@type":"ListItem","position":1,"name":"Home","item":"https:\/\/family.cplea.ca\/fr\/"},{"@type":"ListItem","position":2,"name":"Trouver un soutien juridique"}]},{"@type":"WebSite","@id":"https:\/\/family.cplea.ca\/fr\/#website","url":"https:\/\/family.cplea.ca\/fr\/","name":"CPLEA Family Law","description":"","publisher":{"@id":"https:\/\/family.cplea.ca\/fr\/#organization"},"potentialAction":[{"@type":"SearchAction","target":{"@type":"EntryPoint","urlTemplate":"https:\/\/family.cplea.ca\/fr\/?s={search_term_string}"},"query-input":{"@type":"PropertyValueSpecification","valueRequired":true,"valueName":"search_term_string"}}],"inLanguage":"fr-FR"},{"@type":"Organization","@id":"https:\/\/family.cplea.ca\/fr\/#organization","name":"CPLEA Family Law","url":"https:\/\/family.cplea.ca\/fr\/","logo":{"@type":"ImageObject","inLanguage":"fr-FR","@id":"https:\/\/family.cplea.ca\/fr\/#\/schema\/logo\/image\/","url":"https:\/\/family.cplea.ca\/wp-content\/uploads\/CPLEA-new-web-logo-FR-1-1.png","contentUrl":"https:\/\/family.cplea.ca\/wp-content\/uploads\/CPLEA-new-web-logo-FR-1-1.png","width":1784,"height":273,"caption":"CPLEA Family Law"},"image":{"@id":"https:\/\/family.cplea.ca\/fr\/#\/schema\/logo\/image\/"},"sameAs":["https:\/\/www.facebook.com\/CPLEAlberta","https:\/\/x.com\/cplealberta"]}]}},"jetpack_sharing_enabled":true,"_links":{"self":[{"href":"https:\/\/family.cplea.ca\/fr\/wp-json\/wp\/v2\/pages\/1967","targetHints":{"allow":["GET"]}}],"collection":[{"href":"https:\/\/family.cplea.ca\/fr\/wp-json\/wp\/v2\/pages"}],"about":[{"href":"https:\/\/family.cplea.ca\/fr\/wp-json\/wp\/v2\/types\/page"}],"author":[{"embeddable":true,"href":"https:\/\/family.cplea.ca\/fr\/wp-json\/wp\/v2\/users\/1"}],"replies":[{"embeddable":true,"href":"https:\/\/family.cplea.ca\/fr\/wp-json\/wp\/v2\/comments?post=1967"}],"version-history":[{"count":1,"href":"https:\/\/family.cplea.ca\/fr\/wp-json\/wp\/v2\/pages\/1967\/revisions"}],"predecessor-version":[{"id":1968,"href":"https:\/\/family.cplea.ca\/fr\/wp-json\/wp\/v2\/pages\/1967\/revisions\/1968"}],"wp:attachment":[{"href":"https:\/\/family.cplea.ca\/fr\/wp-json\/wp\/v2\/media?parent=1967"}],"wp:term":[{"taxonomy":"topic","embeddable":true,"href":"https:\/\/family.cplea.ca\/fr\/wp-json\/wp\/v2\/topic?post=1967"}],"curies":[{"name":"wp","href":"https:\/\/api.w.org\/{rel}","templated":true}]}}